{"id":547,"date":"2016-09-26T19:17:35","date_gmt":"2016-09-26T19:17:35","guid":{"rendered":"http:\/\/www.gurdjieff-dances.com\/ger\/?page_id=547"},"modified":"2020-11-07T17:16:02","modified_gmt":"2020-11-07T17:16:02","slug":"wochenend-workshops-in-munchen","status":"publish","type":"page","link":"https:\/\/www.gurdjieff-dances.com\/ger\/wochenend-workshops-in-munchen\/","title":{"rendered":"Wochenend-Workshops in M\u00fcnchen"},"content":{"rendered":"<p><b>Regelm\u00e4\u00dfige Wochenend-Workshops in M\u00fcnchen<br \/>\n<\/b><\/p>\n<p>Gurdjieff Movements Praxis-Workshops<br \/>\nmit Amyio Devienne\u00a0 &amp; Chetan Greenberg<\/p>\n<p><img loading=\"lazy\" decoding=\"async\" class=\"alignnone size-medium wp-image-386\" src=\"http:\/\/www.gurdjieff-dances.com\/ger\/wp-content\/uploads\/2015\/11\/P1010177-300x225.jpg\" alt=\"Gurdjieff Movements \/ gurdjieff-dances.com\" width=\"300\" height=\"225\" srcset=\"https:\/\/www.gurdjieff-dances.com\/ger\/wp-content\/uploads\/2015\/11\/P1010177-300x225.jpg 300w, https:\/\/www.gurdjieff-dances.com\/ger\/wp-content\/uploads\/2015\/11\/P1010177.jpg 1024w, https:\/\/www.gurdjieff-dances.com\/ger\/wp-content\/uploads\/2015\/11\/P1010177-510x383.jpg 510w\" sizes=\"(max-width: 300px) 100vw, 300px\" \/><\/p>\n<p>Eine besondere Gelegenheit mit zwei der international f\u00fchrenden Gurdjieff Movements Lehrern diese besondere Erfahrung auch in M\u00fcnchen zu erleben.<\/p>\n<p>Als Tanzchoreografin praktiziert Amiyo nun diese Gurdjieff Movements, die von Guerdjeff selbst \u201eheiligen T\u00e4nze\u201c genannt wurden, seit nun mehr 30 Jahren und gemeinsam mit ihren Partner seit 20 Jahren weltweit.<\/p>\n<p><b><i>Erlebe die Wirksamkeit der Gurdjieff Movements hautnah, um mehr Achtsamkeit, Entspannung und Selbstverwirklichung in dein Leben zu bringen. \u00a0<\/i><\/b><\/p>\n<p><b>Die Termine:<br \/>\n<\/b><i>(jeweils von Samstag\u00a0 11 Uhr \u2013 19 Uhr\u00a0 &amp; Sonntag von 10 \u2013 18 Uhr)<\/i><br \/>\nJare 2021<\/p>\n<p>Keine Sorge, es ist dabei kein Vorwissen notwendig und die Kurse k\u00f6nnen unabh\u00e4ngig voneinander besucht werden. Die \u00dcbungen und T\u00e4nze varieren und somit kann jederzeit auch begonnen werden.<\/p>\n<p>Hinweis:<br \/>\nAmyio kommt urspr\u00fcnglich aus Frankreich und ihr Chetan Greenberg aus Ru\u00dfland Daher werden alle Seminare und Ausbildungen in englischer Sprache abgehalten.<\/p>\n<p>Solltest du Fragen haben oder direkt anmelden wollen, dann nutze jetzt unser Kontaktformular.<\/p>\n<p>&gt;&gt;&gt; <a href=\"http:\/\/www.gurdjieff-dances.com\/ger\/kontakt\">JETZT ANFRAGEN<\/a> &lt;&lt;&lt;<\/p>\n<p>\u00d6ffentliche Auftritte:<\/p>\n<p>Hier eine Auff\u00fchrung aus den Vorf\u00fchrung der Gurdjieff Movements im Leo17 Theater in M\u00fcnchen statt in 2015:<\/p>\n<p><iframe loading=\"lazy\" src=\"https:\/\/www.youtube.com\/embed\/mJhQc6GWV-I\" width=\"560\" height=\"315\" frameborder=\"0\" allowfullscreen=\"allowfullscreen\"><\/iframe><\/p>\n<p><iframe loading=\"lazy\" src=\"https:\/\/www.youtube.com\/embed\/7EcCjrkTHTw\" width=\"560\" height=\"315\" frameborder=\"0\" allowfullscreen=\"allowfullscreen\"><\/iframe><\/p>\n","protected":false},"excerpt":{"rendered":"<p>Regelm\u00e4\u00dfige Wochenend-Workshops in M\u00fcnchen Gurdjieff Movements Praxis-Workshops mit Amyio Devienne\u00a0 &amp; Chetan Greenberg Eine besondere Gelegenheit mit zwei der international f\u00fchrenden Gurdjieff Movements Lehrern diese besondere Erfahrung auch in M\u00fcnchen zu erleben. Als Tanzchoreografin praktiziert Amiyo nun diese Gurdjieff Movements, die von Guerdjeff selbst \u201eheiligen T\u00e4nze\u201c genannt wurden, seit nun mehr 30 Jahren und gemeinsam [&hellip;]<\/p>\n","protected":false},"author":1,"featured_media":0,"parent":0,"menu_order":0,"comment_status":"closed","ping_status":"closed","template":"","meta":{"footnotes":""},"_links":{"self":[{"href":"https:\/\/www.gurdjieff-dances.com\/ger\/wp-json\/wp\/v2\/pages\/547"}],"collection":[{"href":"https:\/\/www.gurdjieff-dances.com\/ger\/wp-json\/wp\/v2\/pages"}],"about":[{"href":"https:\/\/www.gurdjieff-dances.com\/ger\/wp-json\/wp\/v2\/types\/page"}],"author":[{"embeddable":true,"href":"https:\/\/www.gurdjieff-dances.com\/ger\/wp-json\/wp\/v2\/users\/1"}],"replies":[{"embeddable":true,"href":"https:\/\/www.gurdjieff-dances.com\/ger\/wp-json\/wp\/v2\/comments?post=547"}],"version-history":[{"count":11,"href":"https:\/\/www.gurdjieff-dances.com\/ger\/wp-json\/wp\/v2\/pages\/547\/revisions"}],"predecessor-version":[{"id":783,"href":"https:\/\/www.gurdjieff-dances.com\/ger\/wp-json\/wp\/v2\/pages\/547\/revisions\/783"}],"wp:attachment":[{"href":"https:\/\/www.gurdjieff-dances.com\/ger\/wp-json\/wp\/v2\/media?parent=547"}],"curies":[{"name":"wp","href":"https:\/\/api.w.org\/{rel}","templated":true}]}}