{"id":524,"date":"2016-08-08T12:35:06","date_gmt":"2016-08-08T12:35:06","guid":{"rendered":"http:\/\/www.gurdjieff-dances.com\/ger\/?page_id=524"},"modified":"2016-08-08T12:35:06","modified_gmt":"2016-08-08T12:35:06","slug":"in-einer-gruppe","status":"publish","type":"page","link":"https:\/\/www.gurdjieff-dances.com\/ger\/artikel\/in-einer-gruppe\/","title":{"rendered":"In einer Gruppe"},"content":{"rendered":"<p>Unsere individuelles Bewusstsein ist nicht wirklich individuell. In unserem Innersten ist es kollektiv. Wir scheinen Inseln zu sein, doch all diese Inseln sind in ihrem Innersten mit der Erde verbunden. Wir sehen wie Inseln aus, unterscheiden uns scheinbar voneinander \u2013 ich bin bewusst, du bist bewusst \u2013 doch dein Bewusstsein und mein Bewusstsein ist irgendwo ganz tief im Inneren eins. Es ist mit der Erde, mit dem Urgrund verbunden.<\/p>\n<p>Deshalb passiert so vieles, das uns unerkl\u00e4rlich scheint. Wenn man alleine meditiert, ist es sehr schwierig, ins Meditieren reinzukommen. Doch wenn man mit einer Gruppe meditiert, ist es ganz einfach, weil die ganze Gruppe als eine Einheit agiert. Bei Meditationscamps habe ich beobachtet, dass sich eure Individualit\u00e4t nach zwei oder drei Tagen aufgel\u00f6st hat \u2013 ihr werdet Teil eines gr\u00f6\u00dferen Bewusstseins. Dann werden ganz subtile Wellen sp\u00fcrbar, ganz subtile Wellen kommen in Bewegung \u2013 und das Gruppenbewusstsein entfaltet sich.<\/p>\n<p>Wenn du tanzt, tanzt nicht wirklich du, sondern das Gruppenbewusstsein tanzt \u2013 du bist nur ein Teil davon. Der Rhythmus ist nicht nur in dir, der Rhythmus ist auch au\u00dferhalb von dir. Der Rhythmus ist \u00fcberall um dich herum. In einer Gruppe gibt es dich nicht. Die oberfl\u00e4chliche Realit\u00e4t, dass wir Inseln sind, ist vergessen und die tiefere Realit\u00e4t, dass wir eins sind, wird erkannt. In einer Gruppe bist du dem G\u00f6ttlichen n\u00e4her; alleine bist du weiter davon entfernt, weil du dich wieder auf das Ego konzentrierst, auf den oberfl\u00e4chlichen Unterschied, auf die oberfl\u00e4chliche Getrenntheit. Diese Methode ist hilfreich, weil wir in Wirklichkeit eins sind mit dem Universum. Es geht nur darum, wie wir das zutage bringen k\u00f6nnen, wie wir uns in diese Erkenntnis hineinfallen lassen, sie realisieren k\u00f6nnen.<\/p>\n<p>Wenn du in einer Gruppe von Wohlgesinnten bist, l\u00e4dt dich das immer mit Energie auf. Und wenn du mit jemandem zu tun hast, der dir gegen\u00fcber feindselig ist, wirst du immer das Gef\u00fchl haben, dass dir Energie abgezogen wird. Wieso? Wenn du in einer wohlwollenden Gruppe, mit deiner Familie bist, und ihr sitzt zusammen und entspannt euch, dann f\u00fchlst du dich lebendig und energiegeladen, nur weil ihr zusammen seid. Wenn du einen Freund triffst, f\u00fchlst du dich lebendiger als vorher. Und wenn du einem Feind begegnest, wenn du nur an ihm vor\u00fcbergehst, hast du das Gef\u00fchl, dass du Energie verloren hast, du bist m\u00fcde. Was passiert da?<\/p>\n<p>Wenn du in einer wohlgesonnenen Gruppe bist, vergisst du deine Individualit\u00e4t \u2013 ihr begebt euch auf eine gemeinsame Ebene, wo ihr einander begegnen k\u00f6nnt. Wenn dir jemand feindlich gegen\u00fcbersteht, wirst du individueller, egoistischer \u2013 du klammerst dich an dein Ego. Und dieses Klammern macht dich m\u00fcde. Alle Energie entspringt den Wurzeln, alle Energie kommt mit dem F\u00fchlen eines kollektiven Seins.<\/p>\n<p>Wenn du mit dieser Meditation anf\u00e4ngst, wirst du zun\u00e4chst bemerken, wie ein kollektives Sein entsteht, und wie sich letztlich ein kosmisches Bewusstsein einstellt. Wenn sich alle Unterschiede, alle Grenzen aufgel\u00f6st haben und die Existenz als ein St\u00fcck, eine Einheit, ein Ganzes \u00fcbrigbleibt, dann ist alles darin umfasst. Dieses Bem\u00fchen, alles zu umfassen, f\u00e4ngt bei deiner eigenen individuellen Existenz an. Schlie\u00dfe alles mit ein. <i>Osho<\/i><\/p>\n","protected":false},"excerpt":{"rendered":"<p>Unsere individuelles Bewusstsein ist nicht wirklich individuell. In unserem Innersten ist es kollektiv. Wir scheinen Inseln zu sein, doch all diese Inseln sind in ihrem Innersten mit der Erde verbunden. Wir sehen wie Inseln aus, unterscheiden uns scheinbar voneinander \u2013 ich bin bewusst, du bist bewusst \u2013 doch dein Bewusstsein und mein Bewusstsein ist irgendwo [&hellip;]<\/p>\n","protected":false},"author":1,"featured_media":0,"parent":520,"menu_order":0,"comment_status":"closed","ping_status":"closed","template":"","meta":{"footnotes":""},"_links":{"self":[{"href":"https:\/\/www.gurdjieff-dances.com\/ger\/wp-json\/wp\/v2\/pages\/524"}],"collection":[{"href":"https:\/\/www.gurdjieff-dances.com\/ger\/wp-json\/wp\/v2\/pages"}],"about":[{"href":"https:\/\/www.gurdjieff-dances.com\/ger\/wp-json\/wp\/v2\/types\/page"}],"author":[{"embeddable":true,"href":"https:\/\/www.gurdjieff-dances.com\/ger\/wp-json\/wp\/v2\/users\/1"}],"replies":[{"embeddable":true,"href":"https:\/\/www.gurdjieff-dances.com\/ger\/wp-json\/wp\/v2\/comments?post=524"}],"version-history":[{"count":1,"href":"https:\/\/www.gurdjieff-dances.com\/ger\/wp-json\/wp\/v2\/pages\/524\/revisions"}],"predecessor-version":[{"id":525,"href":"https:\/\/www.gurdjieff-dances.com\/ger\/wp-json\/wp\/v2\/pages\/524\/revisions\/525"}],"up":[{"embeddable":true,"href":"https:\/\/www.gurdjieff-dances.com\/ger\/wp-json\/wp\/v2\/pages\/520"}],"wp:attachment":[{"href":"https:\/\/www.gurdjieff-dances.com\/ger\/wp-json\/wp\/v2\/media?parent=524"}],"curies":[{"name":"wp","href":"https:\/\/api.w.org\/{rel}","templated":true}]}}