{"id":520,"date":"2016-08-08T12:33:16","date_gmt":"2016-08-08T12:33:16","guid":{"rendered":"http:\/\/www.gurdjieff-dances.com\/ger\/?page_id=520"},"modified":"2016-08-08T12:37:36","modified_gmt":"2016-08-08T12:37:36","slug":"artikel","status":"publish","type":"page","link":"https:\/\/www.gurdjieff-dances.com\/ger\/artikel\/","title":{"rendered":"ARTIKEL"},"content":{"rendered":"<p><a href=\"http:\/\/www.gurdjieff-dances.com\/ger\/artikel\/gurdjieff-movements-die-ausstrahlung-bewusster-prasenz\/\"><b>Gurdjieff-Movements: Die Ausstrahlung bewusster Pr\u00e4senz<\/b><\/a><br \/>\nAmiyo erz\u00e4hlt die Geschichte einer ihrer gr\u00f6\u00dften Lieben<\/p>\n<p><a href=\"http:\/\/www.gurdjieff-dances.com\/ger\/artikel\/in-einer-gruppe\/\"><b>In einer Gruppe<\/b><\/a><\/p>\n<p><a href=\"http:\/\/www.gurdjieff-dances.com\/ger\/artikel\/heart-without-measure-herz-ohne-grenzen\/\"><b>Heart without measure \u2013 Herz ohne Grenzen<\/b><\/a><\/p>\n","protected":false},"excerpt":{"rendered":"<p>Gurdjieff-Movements: Die Ausstrahlung bewusster Pr\u00e4senz Amiyo erz\u00e4hlt die Geschichte einer ihrer gr\u00f6\u00dften Lieben In einer Gruppe Heart without measure \u2013 Herz ohne Grenzen<\/p>\n","protected":false},"author":1,"featured_media":0,"parent":0,"menu_order":0,"comment_status":"closed","ping_status":"closed","template":"","meta":{"footnotes":""},"_links":{"self":[{"href":"https:\/\/www.gurdjieff-dances.com\/ger\/wp-json\/wp\/v2\/pages\/520"}],"collection":[{"href":"https:\/\/www.gurdjieff-dances.com\/ger\/wp-json\/wp\/v2\/pages"}],"about":[{"href":"https:\/\/www.gurdjieff-dances.com\/ger\/wp-json\/wp\/v2\/types\/page"}],"author":[{"embeddable":true,"href":"https:\/\/www.gurdjieff-dances.com\/ger\/wp-json\/wp\/v2\/users\/1"}],"replies":[{"embeddable":true,"href":"https:\/\/www.gurdjieff-dances.com\/ger\/wp-json\/wp\/v2\/comments?post=520"}],"version-history":[{"count":3,"href":"https:\/\/www.gurdjieff-dances.com\/ger\/wp-json\/wp\/v2\/pages\/520\/revisions"}],"predecessor-version":[{"id":533,"href":"https:\/\/www.gurdjieff-dances.com\/ger\/wp-json\/wp\/v2\/pages\/520\/revisions\/533"}],"wp:attachment":[{"href":"https:\/\/www.gurdjieff-dances.com\/ger\/wp-json\/wp\/v2\/media?parent=520"}],"curies":[{"name":"wp","href":"https:\/\/api.w.org\/{rel}","templated":true}]}}