{"id":251,"date":"2015-11-17T20:47:46","date_gmt":"2015-11-17T20:47:46","guid":{"rendered":"http:\/\/www.gurdjieff-dances.com\/ger\/?page_id=251"},"modified":"2020-11-07T16:47:24","modified_gmt":"2020-11-07T16:47:24","slug":"kontakt","status":"publish","type":"page","link":"https:\/\/www.gurdjieff-dances.com\/ger\/kontakt\/","title":{"rendered":"Kontakt"},"content":{"rendered":"<p><code><div id=\"simple-contact-form-wrap\">\r\n\t\t<div id=\"simple-contact-form\" class=\"scf\">\r\n\t\t\t<form action=\"#simple-contact-form-wrap\" method=\"post\">\r\n\t\t\t\t<div class=\"scf-row scf-name\">\r\n\t\t\t\t\t<label for=\"scf_name\">Ihr Name<\/label>\r\n\t\t\t\t\t<input name=\"scf_name\" id=\"scf_name\" type=\"text\" size=\"33\" maxlength=\"99\" value=\"\" placeholder=\"Ihr Name\" \/>\r\n\t\t\t\t<\/div>\r\n\t\t\t\t<div class=\"scf-row scf-email\">\r\n\t\t\t\t\t<label for=\"scf_email\">Ihr Name<\/label>\r\n\t\t\t\t\t<input name=\"scf_email\" id=\"scf_email\" type=\"text\" size=\"33\" maxlength=\"99\" value=\"\" placeholder=\"Ihr Name\" \/>\r\n\t\t\t\t<\/div>\r\n\t\t<div class=\"scf-row scf-confirm-email\">\r\n\t\t\t<label for=\"scf_confirm_email\">Best\u00e4tigen Sie Ihre E-Mail<\/label>\r\n\t\t\t<input name=\"scf_confirm_email\" id=\"scf_confirm_email\" type=\"text\" size=\"33\" maxlength=\"99\" value=\"\" placeholder=\"Best\u00e4tigen Sie Ihre E-Mail\" \/>\r\n\t\t<\/div>\r\n\t\t\t\t<div class=\"scf-row scf-response\">\r\n\t\t\t\t\t<label for=\"scf_response\">2 + 2 =<\/label>\r\n\t\t\t\t\t<input name=\"scf_response\" id=\"scf_response\" type=\"text\" size=\"33\" maxlength=\"99\" value=\"\" placeholder=\"Richtige Antwort\" \/>\r\n\t\t\t\t<\/div>\r\n\t\t\t<div class=\"scf-row scf-website3dhhsy3\">\r\n\t\t\t\t<label for=\"website3dhhsy3\">Leave this field empty<\/label>\r\n\t\t\t\t<input type=\"text\" name=\"website3dhhsy3\" tabindex=\"-1\" autocomplete=\"off\" \/>\r\n\t\t\t<\/div>\r\n\t\t\t\t<div class=\"scf-row scf-message\">\r\n\t\t\t\t\t<label for=\"scf_message\">Ihre Nachricht<\/label>\r\n\t\t\t\t\t<textarea name=\"scf_message\" id=\"scf_message\" cols=\"33\" rows=\"7\" placeholder=\"Ihre Nachricht\"><\/textarea>\r\n\t\t\t\t<\/div><div class=\"scf-submit\">\r\n\t\t\t\t\t<input type=\"submit\" id=\"scf-button\" value=\"E-Mail senden\">\r\n\t\t\t\t\t<input type=\"hidden\" id=\"scf-key\" name=\"scf-key\" value=\"process\">\r\n\t\t\t\t\t<input type=\"hidden\" id=\"scf-nonce\" name=\"scf-nonce\" value=\"f7de9b5e52\" \/>\r\n\t\t\t\t<\/div>\t<div class=\"scf-confirm-checkbox\">\r\n\t\t<label><input type=\"checkbox\" required> Ich bin damit einverstanden, dass diese Website die von mir \u00fcbermittelten Daten speichert, damit sie auf meine Anfrage antworten kann. In unserer Datenschutzerkl\u00e4rung erfahren Sie mehr dar\u00fcber, wie wir Daten verwenden.<\/label>\r\n\t<\/div><!-- .scf-confirm-checkbox -->\r\n\t<\/form>\r\n\t\t<\/div>\r\n\t\t<style>.scf-confirm-checkbox { margin-top: 15px; } .scf-website3dhhsy3 { display: none; } #simple-contact-form .scf-row { width: 100%; overflow: hidden; margin: 5px 0; padding: 5px 0; border: 0; } #simple-contact-form .scf-row input { box-sizing: border-box; float: left; clear: none; width: 75%; margin: 0; } #simple-contact-form .scf-row label { box-sizing: border-box; float: left; clear: both; width: 25%; margin-top: 5px; font-size: 90%; } #simple-contact-form .scf-row textarea { box-sizing: border-box; float: left; clear: both; width: 100%; margin-top: 2px; }#simple-contact-form form { max-width: 700px; padding: 5px; } #simple-contact-form fieldset { width: 100%; overflow: hidden; margin: 5px 0; padding: 5px 0; border: 0; } #simple-contact-form fieldset input { box-sizing: border-box; float: left; clear: none; width: 75%; margin: 0; } #simple-contact-form fieldset label { box-sizing: border-box; float: left; clear: both; width: 25%; margin-top: 5px; font-size: 90%; } #simple-contact-form fieldset textarea { box-sizing: border-box; float: left; clear: both; width: 100%; margin-top: 2px; } #scf_success pre { white-space: pre-wrap; } p.scf_error, p.scf_spam { color: #cc0000; } div.scf-submit { margin-top: 10px; } p.scf_success { color: #669966; } .scf-confirm-checkbox { margin-top: 15px; } .scf-website3dhhsy3 { display: none; }<\/style><div style=\"clear:both\">&nbsp;<\/div><\/div><\/code><\/p>\n","protected":false},"excerpt":{"rendered":"","protected":false},"author":1,"featured_media":0,"parent":0,"menu_order":0,"comment_status":"closed","ping_status":"closed","template":"","meta":{"footnotes":""},"_links":{"self":[{"href":"https:\/\/www.gurdjieff-dances.com\/ger\/wp-json\/wp\/v2\/pages\/251"}],"collection":[{"href":"https:\/\/www.gurdjieff-dances.com\/ger\/wp-json\/wp\/v2\/pages"}],"about":[{"href":"https:\/\/www.gurdjieff-dances.com\/ger\/wp-json\/wp\/v2\/types\/page"}],"author":[{"embeddable":true,"href":"https:\/\/www.gurdjieff-dances.com\/ger\/wp-json\/wp\/v2\/users\/1"}],"replies":[{"embeddable":true,"href":"https:\/\/www.gurdjieff-dances.com\/ger\/wp-json\/wp\/v2\/comments?post=251"}],"version-history":[{"count":12,"href":"https:\/\/www.gurdjieff-dances.com\/ger\/wp-json\/wp\/v2\/pages\/251\/revisions"}],"predecessor-version":[{"id":782,"href":"https:\/\/www.gurdjieff-dances.com\/ger\/wp-json\/wp\/v2\/pages\/251\/revisions\/782"}],"wp:attachment":[{"href":"https:\/\/www.gurdjieff-dances.com\/ger\/wp-json\/wp\/v2\/media?parent=251"}],"curies":[{"name":"wp","href":"https:\/\/api.w.org\/{rel}","templated":true}]}}