{"id":243,"date":"2015-11-17T20:43:41","date_gmt":"2015-11-17T20:43:41","guid":{"rendered":"http:\/\/www.gurdjieff-dances.com\/ger\/?page_id=243"},"modified":"2017-07-14T13:19:49","modified_gmt":"2017-07-14T13:19:49","slug":"amiyo-devienne","status":"publish","type":"page","link":"https:\/\/www.gurdjieff-dances.com\/ger\/amiyo-devienne\/","title":{"rendered":"Amiyo Devienne"},"content":{"rendered":"<p><a href=\"http:\/\/www.gurdjieff-dances.com\/ger\/wp-content\/uploads\/2015\/11\/Amiyo-smile.jpg\"><img loading=\"lazy\" decoding=\"async\" class=\"alignleft wp-image-467 size-medium\" src=\"http:\/\/www.gurdjieff-dances.com\/ger\/wp-content\/uploads\/2015\/11\/Amiyo-smile-249x300.jpg\" alt=\"Amiyo + smile\" width=\"249\" height=\"300\" srcset=\"https:\/\/www.gurdjieff-dances.com\/ger\/wp-content\/uploads\/2015\/11\/Amiyo-smile-249x300.jpg 249w, https:\/\/www.gurdjieff-dances.com\/ger\/wp-content\/uploads\/2015\/11\/Amiyo-smile-424x510.jpg 424w, https:\/\/www.gurdjieff-dances.com\/ger\/wp-content\/uploads\/2015\/11\/Amiyo-smile.jpg 548w\" sizes=\"(max-width: 249px) 100vw, 249px\" \/><\/a>Amiyo Devienne\u00a0ist T\u00e4nzerin, Choreographin, Tanzp\u00e4dagogin und -therapeutin, ausgebildet unter anderem in psychophysischen Techniken (Esalen Institut, USA), in afrikanischem Tanz (Douala, Kamerun) und modernem Tanz (Frankreich). Sie studierte die Gurdjieff-Movements bei Avrom Altmann, einem direkten Sch\u00fcler von John G. Bennett.<br \/>\nAmiyo lebte jahrelang in Indien, in der internationalen Kommune von Osho, wo sie eine einzigartige Verbindung der \u00f6stlichen und westlichen Vision des Tanzens entwickelte und lernte, durch Meditation Stille zu erfahren.<br \/>\nSeit 30 Jahren vermittelt sie Amateuren und Profis auf der ganzen Welt ihre Erfahrung von Bewegung als Wissenschaft, als Kunst und als Werkzeug f\u00fcr inneres Wachstum. Im Jahre 2002 lehrte sie am Carolyn Carlson-Institut \u201eAcademia Isola Danza\u201c. Amiyo leitet Seminare weltweit: in Frankreich, in Deutschland (M\u00fcnchen, Bielefeld, K\u00f6ln), in Indien (New Delhi, Dharamsala), in der Ukraine, in Russland (Moskau, St. Petersburg, Sibirien) und in den Vereinigten Staaten (New York, Boulder).<br \/>\nSie choreographierte und leitete \u00fcber 50 \u00f6ffentliche Auff\u00fchrungen; 30 davon waren Auff\u00fchrungen der Gurdjieff-Movements.<\/p>\n<h3>Chetan Greenberg<\/h3>\n<p><a href=\"http:\/\/www.gurdjieff-dances.com\/ger\/wp-content\/uploads\/2015\/11\/DSC00290.jpg\"><img loading=\"lazy\" decoding=\"async\" class=\"alignright wp-image-468 size-medium\" src=\"http:\/\/www.gurdjieff-dances.com\/ger\/wp-content\/uploads\/2015\/11\/DSC00290-300x225.jpg\" alt=\"Chetan in Bhagsu\" width=\"300\" height=\"225\" srcset=\"https:\/\/www.gurdjieff-dances.com\/ger\/wp-content\/uploads\/2015\/11\/DSC00290-300x225.jpg 300w, https:\/\/www.gurdjieff-dances.com\/ger\/wp-content\/uploads\/2015\/11\/DSC00290-510x383.jpg 510w, https:\/\/www.gurdjieff-dances.com\/ger\/wp-content\/uploads\/2015\/11\/DSC00290.jpg 640w\" sizes=\"(max-width: 300px) 100vw, 300px\" \/><\/a>Chetan Greenberg<strong>\u00a0<\/strong>befasst sich seit vielen Jahren eingehend mit der Praxis und der Lehre der Movements. Seit 1997 leitet er zusammen mit Amiyo Seminare, Ausbildungen und \u00f6ffentliche Auff\u00fchrungen der Movements. Als ausgebildeter Musiker bringt er seine besondere Gabe und sein tiefes Verst\u00e4ndnis von Musik und Rhythmik und der Lehre von den Schwingungen mit ein.<\/p>\n","protected":false},"excerpt":{"rendered":"<p>Amiyo Devienne\u00a0ist T\u00e4nzerin, Choreographin, Tanzp\u00e4dagogin und -therapeutin, ausgebildet unter anderem in psychophysischen Techniken (Esalen Institut, USA), in afrikanischem Tanz (Douala, Kamerun) und modernem Tanz (Frankreich). Sie studierte die Gurdjieff-Movements bei Avrom Altmann, einem direkten Sch\u00fcler von John G. Bennett. Amiyo lebte jahrelang in Indien, in der internationalen Kommune von Osho, wo sie eine einzigartige Verbindung [&hellip;]<\/p>\n","protected":false},"author":1,"featured_media":0,"parent":0,"menu_order":0,"comment_status":"closed","ping_status":"closed","template":"","meta":{"footnotes":""},"_links":{"self":[{"href":"https:\/\/www.gurdjieff-dances.com\/ger\/wp-json\/wp\/v2\/pages\/243"}],"collection":[{"href":"https:\/\/www.gurdjieff-dances.com\/ger\/wp-json\/wp\/v2\/pages"}],"about":[{"href":"https:\/\/www.gurdjieff-dances.com\/ger\/wp-json\/wp\/v2\/types\/page"}],"author":[{"embeddable":true,"href":"https:\/\/www.gurdjieff-dances.com\/ger\/wp-json\/wp\/v2\/users\/1"}],"replies":[{"embeddable":true,"href":"https:\/\/www.gurdjieff-dances.com\/ger\/wp-json\/wp\/v2\/comments?post=243"}],"version-history":[{"count":8,"href":"https:\/\/www.gurdjieff-dances.com\/ger\/wp-json\/wp\/v2\/pages\/243\/revisions"}],"predecessor-version":[{"id":582,"href":"https:\/\/www.gurdjieff-dances.com\/ger\/wp-json\/wp\/v2\/pages\/243\/revisions\/582"}],"wp:attachment":[{"href":"https:\/\/www.gurdjieff-dances.com\/ger\/wp-json\/wp\/v2\/media?parent=243"}],"curies":[{"name":"wp","href":"https:\/\/api.w.org\/{rel}","templated":true}]}}