{"id":241,"date":"2015-11-17T20:42:35","date_gmt":"2015-11-17T20:42:35","guid":{"rendered":"http:\/\/www.gurdjieff-dances.com\/ger\/?page_id=241"},"modified":"2026-03-01T10:52:05","modified_gmt":"2026-03-01T10:52:05","slug":"seminare-und-ausbildungen","status":"publish","type":"page","link":"https:\/\/www.gurdjieff-dances.com\/ger\/seminare-und-ausbildungen\/","title":{"rendered":"Seminare und Ausbildungen"},"content":{"rendered":"\n\n<p><strong>Unsere neueste Diashow ist ein Zeugnis der Arbeit<\/strong><\/p>\n<p style=\"text-align: left;\"><iframe loading=\"lazy\" title=\"YouTube video player\" src=\"\/\/www.youtube.com\/embed\/u1fJh0F54EM\" width=\"560\" height=\"315\" frameborder=\"0\" allowfullscreen=\"allowfullscreen\"><\/iframe><\/p>\n<h3><img loading=\"lazy\" decoding=\"async\" class=\"alignnone size-full wp-image-310\" src=\"http:\/\/www.gurdjieff-dances.com\/ger\/wp-content\/uploads\/2015\/11\/chateau.jpg\" alt=\"chateau\" width=\"318\" height=\"120\" srcset=\"https:\/\/www.gurdjieff-dances.com\/ger\/wp-content\/uploads\/2015\/11\/chateau.jpg 318w, https:\/\/www.gurdjieff-dances.com\/ger\/wp-content\/uploads\/2015\/11\/chateau-300x113.jpg 300w\" sizes=\"(max-width: 318px) 100vw, 318px\" \/><\/h3>\n<h3>Im Chateau de Roche Sur Linotte in Jura\/Frankreich<\/h3>\n<p>Das Schloss liegt in einem herrlichen Park inmitten von uralten B\u00e4umen, es befindet sich im Herzen der Haute-Saone, in Franche Comte in der N\u00e4he von Besancon.<\/p>\n<p>Einw\u00f6chige Intensivkurse\/Lehrerausbildung:<\/p>\n<p>23. &#8211; 29. Mai 2026<br \/>29. August &#8211; 18. September 2026<br \/>21. &#8211; 27. November 2026<\/p>\n<p>Wochenendseminare:<\/p>\n<p>23. &#8211; 24. Mai 2026<br \/>21. &#8211; 22. November 2026<\/p>\n<p>Kontakt: <a href=\"&#x6d;&#x61;&#x69;&#x6c;&#x74;&#x6f;&#58;&#97;&#109;&#105;yode&#x76;&#x40;&#x79;&#x61;&#x68;&#x6f;&#111;&#46;&#99;&#111;&#109;\">&#97;&#x6d;i&#121;&#x6f;&#100;&#x65;v&#64;&#x79;a&#x68;&#x6f;&#111;&#x2e;c&#111;&#x6d;<\/a> oder <a href=\"m&#97;&#105;&#x6c;&#x74;&#x6f;:c&#104;&#101;&#x74;&#x61;&#x6e;g&#114;&#101;&#101;&#x6e;&#x40;&#x67;m&#120;&#46;&#x6e;&#x65;&#x74;\">&#x63;h&#x65;&#116;a&#x6e;&#103;&#x72;&#x65;e&#x6e;&#64;g&#x6d;&#120;&#x2e;&#110;e&#x74;<\/a><\/p>\n<h3>GURDJIEFFS BEWEGUNGSSCHULUNG<br \/>Mit Amiyo und Chetan<\/h3>\n<p><span style=\"color: #ffcc00;\">Unser j\u00e4hrliches Treffen f\u00fcr ein langes Seminar von 3 Wochen !!!<br \/><\/span><span style=\"color: #ffcc00;\">29.08. &#8211; 18.09. September n\u00e4chstes Jahr <strong>2026<br \/><\/strong><\/span><span style=\"color: #ffcc00;\">Mit der M\u00f6glichkeit zur Teilnahme an 1 oder 2 Wochen<\/span><\/p>\n<p>Wir freuen uns sehr, mit Ihnen diese seltene Gelegenheit zu teilen, eine lange und tiefe Erfahrung der Bewegungen und nat\u00fcrlich von uns selbst zu machen<br \/>In diesen Zeiten, in denen uns alles in Richtung Trennung dr\u00e4ngt, erscheint es uns wichtig, den Reichtum unseres inneren Lebens zu n\u00e4hren und zu bewahren, indem wir seine Tiefen durch die Gurdjieff-Bewegungen erforschen und uns f\u00fcr den Sinn der Sch\u00f6nheit \u00f6ffnen, wenn der Verstand sich nicht aufdr\u00e4ngt, sondern unsere Lebenskraft bewusst einsetzt und sie gro\u00dfz\u00fcgig mit anderen teilt, was uns in einen Zustand innerer Ausdehnung und Freiheit bringt.<br \/>Die Praxis, durch Achtsamkeit und Entspannung, st\u00e4rkt den Beobachter in uns, der uns hilft, klar und frei von allen \u00e4u\u00dferen negativen Einfl\u00fcssen zu bleiben.<\/p>\n<p>Kontakt: <a href=\"&#x6d;&#97;&#105;&#x6c;&#x74;&#111;&#58;&#x61;&#x6d;&#105;&#121;&#x6f;&#x64;&#101;&#118;&#x40;&#x79;&#97;&#104;&#x6f;&#x6f;&#46;&#99;&#x6f;&#x6d;\">&#x61;&#x6d;&#x69;&#x79;&#x6f;&#x64;&#x65;&#x76;&#64;&#121;&#97;&#104;&#111;&#111;&#46;com<\/a> oder <a href=\"m&#97;&#105;&#x6c;&#x74;&#x6f;&#x3a;c&#104;&#101;&#116;&#x61;&#x6e;&#x67;re&#101;&#110;&#x40;&#x67;&#x6d;x&#46;&#110;&#101;&#x74;\">c&#104;&#x65;&#x74;a&#110;&#x67;&#x72;e&#101;&#110;&#x40;&#x67;m&#120;&#x2e;&#x6e;e&#116;<\/a><\/p>\n<hr \/>\n<h3>INDIEN, Kerala<br \/>&#8220;Sattva The Awakening Garden&#8221;<br \/><strong>Meditation center and resort<\/strong><\/h3>\n<p>Das Sattva-Zentrum befindet sich in der \u00fcppig gr\u00fcnen, bergigen Natur der Western Ghats in Kerala.<br \/>Da wir vor ein paar Jahren dort waren, k\u00f6nnen wir bezeugen, dass nicht nur die Stille und Sch\u00f6nheit<br \/>atemberaubend sind, sondern auch die Leitung und das Personal sehr liebevoll und f\u00fcrsorglich sind.<br \/>Um einen Eindruck von diesem wunderbaren Ort zu bekommen, k\u00f6nnen Sie einen Blick auf die Website werfen:<br \/><a href=\"http:\/\/www.sattvaresort.com\">www.sattvaresort.com<\/a><br \/>Das Zentrum verf\u00fcgt auch \u00fcber eine ayurvedische Klinik, in der Sie Massagen und Behandlungen erhalten k\u00f6nnen.<br \/>Auch wenn Massagen w\u00e4hrend des Prozesses willkommen sind, sollten die Behandlungen vor oder nach dem Seminar erfolgen, da sie zwischen den Sitzungen Ruhe brauchen.<\/p>\n<h3><strong>Gurdjieff-Movements 12 Tage Retreat<\/strong><\/h3>\n<p>05. &#8211; 16. Januar\u00a0 2027<br \/>Offen f\u00fcr alle, keine Vorkenntnisse erforderlich<\/p>\n<p>Kontakt: <span style=\"font-family: comic sans ms,sans-serif;\"><a href=\"&#x6d;&#x61;&#105;&#108;t&#x6f;&#x3a;&#x61;&#109;&#105;y&#x6f;&#x64;&#x65;&#118;&#64;y&#x61;&#x68;&#x6f;&#111;&#46;c&#x6f;&#x6d;\">&#97;&#x6d;&#x69;y&#111;&#x64;e&#118;&#x40;y&#97;&#x68;o&#111;&#x2e;&#x63;&#111;&#x6d;<\/a><\/span> oder <span style=\"font-family: comic sans ms,sans-serif;\"><a href=\"&#109;&#x61;i&#108;&#x74;&#111;&#x3a;c&#104;&#x65;t&#x61;&#x6e;&#103;&#x72;e&#101;&#x6e;&#64;&#x67;&#x6d;&#120;&#x2e;n&#101;&#x74;\">&#99;h&#x65;t&#x61;n&#x67;&#114;&#x65;&#101;&#x6e;&#64;g&#x6d;x&#x2e;n&#x65;&#116;<\/a><\/span><\/p>\n<hr \/>\n<h3>FRANKREICH, PARIS<\/h3>\n<p>Gurdjieff Movements Regelm\u00e4\u00dfige Wochenenden<\/p>\n<p>07.03. &#8211; 08.03. 2026<\/p>\n<p>25.04. &#8211; 26.04.\u00a0 2026<\/p>\n<p>Kontakt: \u00a0<span style=\"font-family: comic sans ms,sans-serif;\"><a href=\"&#109;&#97;&#x69;l&#116;&#x6f;&#x3a;a&#109;&#x69;&#x79;o&#100;&#x65;v&#64;&#x79;&#x61;h&#111;&#x6f;&#x2e;c&#111;&#x6d;\">a&#109;&#105;&#x79;&#x6f;&#x64;ev&#64;&#121;&#x61;&#x68;&#x6f;o&#46;&#99;&#111;&#x6d;<\/a><\/span> und <span style=\"font-family: comic sans ms,sans-serif;\"><a href=\"&#109;&#97;&#x69;&#x6c;&#116;&#111;&#x3a;&#x63;&#104;&#101;&#x74;&#x61;&#110;&#103;&#x72;&#x65;&#101;&#110;&#x40;&#x67;&#109;&#120;&#x2e;&#x6e;&#101;&#116;\">ch&#101;&#116;&#97;&#x6e;&#x67;&#x72;&#x65;&#x65;n&#64;&#103;&#109;&#120;&#x2e;&#x6e;&#x65;&#x74;<\/a><\/span><\/p>\n<p>Auf Wunsch kann man in der N\u00e4he in einem Hotel \u00fcbernachten.<\/p>\n\n\n<hr \/>\n<h3>ITALIEN \/ Prepranda (vor Genova)<\/h3>\n<p>15 &#8211; 16 &#8211; 17 Mai 2026<\/p>\n<p>Kontakt: Giovanna\u00a0 <a href=\"&#109;a&#x69;l&#x74;o&#x3a;&#116;&#x61;&#114;&#x74;&#97;r&#x69;g&#x69;o&#x40;&#108;&#x69;&#98;&#x65;&#114;&#x6f;&#46;i&#x74;\">&#x74;&#97;&#114;&#x74;&#x61;&#114;&#105;&#x67;&#x69;&#111;&#64;&#x6c;&#x69;&#98;&#101;&#x72;&#x6f;&#46;&#105;&#x74;<\/a><\/p>\n","protected":false},"excerpt":{"rendered":"<p>Unsere neueste Diashow ist ein Zeugnis der Arbeit Im Chateau de Roche Sur Linotte in Jura\/Frankreich Das Schloss liegt in einem herrlichen Park inmitten von uralten B\u00e4umen, es befindet sich im Herzen der Haute-Saone, in Franche Comte in der N\u00e4he von Besancon. Einw\u00f6chige Intensivkurse\/Lehrerausbildung: 23. &#8211; 29. Mai 202629. August &#8211; 18. September 202621. &#8211; [&hellip;]<\/p>\n","protected":false},"author":1,"featured_media":0,"parent":0,"menu_order":0,"comment_status":"closed","ping_status":"closed","template":"","meta":{"footnotes":""},"_links":{"self":[{"href":"https:\/\/www.gurdjieff-dances.com\/ger\/wp-json\/wp\/v2\/pages\/241"}],"collection":[{"href":"https:\/\/www.gurdjieff-dances.com\/ger\/wp-json\/wp\/v2\/pages"}],"about":[{"href":"https:\/\/www.gurdjieff-dances.com\/ger\/wp-json\/wp\/v2\/types\/page"}],"author":[{"embeddable":true,"href":"https:\/\/www.gurdjieff-dances.com\/ger\/wp-json\/wp\/v2\/users\/1"}],"replies":[{"embeddable":true,"href":"https:\/\/www.gurdjieff-dances.com\/ger\/wp-json\/wp\/v2\/comments?post=241"}],"version-history":[{"count":200,"href":"https:\/\/www.gurdjieff-dances.com\/ger\/wp-json\/wp\/v2\/pages\/241\/revisions"}],"predecessor-version":[{"id":991,"href":"https:\/\/www.gurdjieff-dances.com\/ger\/wp-json\/wp\/v2\/pages\/241\/revisions\/991"}],"wp:attachment":[{"href":"https:\/\/www.gurdjieff-dances.com\/ger\/wp-json\/wp\/v2\/media?parent=241"}],"curies":[{"name":"wp","href":"https:\/\/api.w.org\/{rel}","templated":true}]}}